{"id":2213,"date":"2026-02-09T17:32:00","date_gmt":"2026-02-09T17:32:00","guid":{"rendered":"https:\/\/cfora.fr\/?post_type=product&#038;p=2213"},"modified":"2026-03-30T08:56:54","modified_gmt":"2026-03-30T08:56:54","slug":"caisse-enregisteuse","status":"publish","type":"product","link":"https:\/\/cfora.fr\/?product=caisse-enregisteuse","title":{"rendered":"Caisse Enregistreuse Application"},"content":{"rendered":"<p><span style=\"color: #000000;\">G\u00e9rez votre commerce avec la caisse enregistreuse en ligne.<\/span><\/p>\n<p><span style=\"color: #000000;\">C&#8217;est un logiciel de caisse sur Internet pour suivre vos ventes, votre stock et vos clients.<\/span><br \/>\n<span style=\"color: #000000;\">Fonctionne sur PC, Mac, Ipad, tablette&#8230;ou tout autre mat\u00e9riel connect\u00e9 \u00e0 Internet.<\/span><\/p>\n<h5>Statistiques :<\/h5>\n<ul>\n<li>Quotidiennes<\/li>\n<li>Mensuelles<\/li>\n<li>Annuelles<\/li>\n<\/ul>\n<h5>Planning de r\u00e9servation<\/h5>\n<h5>Gestion du fichier client<\/h5>\n<h5>Transfert en comptabilit\u00e9<\/h5>\n<p>&nbsp;<\/p>\n","protected":false},"excerpt":{"rendered":"<h4><span style=\"color: #000000;\">Sans installation<\/span><\/h4>\n<p class=\"texte_gris\"><span style=\"color: #000000;\">Accessible via internet<\/span><br \/>\n<span style=\"color: #000000;\">Mises \u00e0 jour automatiques<\/span><br \/>\n<span style=\"color: #000000;\">Sauvegardes r\u00e9guli\u00e8res et s\u00e9curis\u00e9es<\/span><\/p>\n<h4><span style=\"color: #000000;\">Simple d&#8217;utilisation<\/span><\/h4>\n<p class=\"texte_gris\"><span style=\"color: #000000;\">Disponible imm\u00e9diatement<\/span><br \/>\n<span style=\"color: #000000;\">Sans formation<\/span><br \/>\n<span style=\"color: #000000;\">Mat\u00e9riel facile \u00e0 installer<\/span><\/p>\n<h4><span style=\"color: #000000;\">Complet<\/span><\/h4>\n<p class=\"texte_gris\"><span style=\"color: #000000;\">Riche en fonctionnalit\u00e9s<\/span><br \/>\n<span style=\"color: #000000;\">Mono ou multi-boutiques<\/span><br \/>\n<span style=\"color: #000000;\">Multi-supports<\/span><\/p>\n","protected":false},"featured_media":2376,"comment_status":"open","ping_status":"closed","template":"","meta":{"_seopress_robots_primary_cat":"none","_seopress_titles_title":"","_seopress_titles_desc":"","_seopress_robots_index":""},"product_brand":[],"product_cat":[21],"product_tag":[],"class_list":{"0":"post-2213","1":"product","2":"type-product","3":"status-publish","4":"has-post-thumbnail","6":"product_cat-applications","8":"first","9":"instock","10":"taxable","11":"shipping-taxable","12":"purchasable","13":"product-type-simple"},"jetpack_sharing_enabled":true,"_links":{"self":[{"href":"https:\/\/cfora.fr\/index.php?rest_route=\/wp\/v2\/product\/2213","targetHints":{"allow":["GET"]}}],"collection":[{"href":"https:\/\/cfora.fr\/index.php?rest_route=\/wp\/v2\/product"}],"about":[{"href":"https:\/\/cfora.fr\/index.php?rest_route=\/wp\/v2\/types\/product"}],"replies":[{"embeddable":true,"href":"https:\/\/cfora.fr\/index.php?rest_route=%2Fwp%2Fv2%2Fcomments&post=2213"}],"wp:featuredmedia":[{"embeddable":true,"href":"https:\/\/cfora.fr\/index.php?rest_route=\/wp\/v2\/media\/2376"}],"wp:attachment":[{"href":"https:\/\/cfora.fr\/index.php?rest_route=%2Fwp%2Fv2%2Fmedia&parent=2213"}],"wp:term":[{"taxonomy":"product_brand","embeddable":true,"href":"https:\/\/cfora.fr\/index.php?rest_route=%2Fwp%2Fv2%2Fproduct_brand&post=2213"},{"taxonomy":"product_cat","embeddable":true,"href":"https:\/\/cfora.fr\/index.php?rest_route=%2Fwp%2Fv2%2Fproduct_cat&post=2213"},{"taxonomy":"product_tag","embeddable":true,"href":"https:\/\/cfora.fr\/index.php?rest_route=%2Fwp%2Fv2%2Fproduct_tag&post=2213"}],"curies":[{"name":"wp","href":"https:\/\/api.w.org\/{rel}","templated":true}]}}