{"id":2194,"date":"2026-02-09T16:25:17","date_gmt":"2026-02-09T16:25:17","guid":{"rendered":"https:\/\/cfora.fr\/?post_type=product&#038;p=2194"},"modified":"2026-03-30T09:07:04","modified_gmt":"2026-03-30T09:07:04","slug":"cfora-lappli-qui-vous-simplifie-la-vie","status":"publish","type":"product","link":"https:\/\/cfora.fr\/?product=cfora-lappli-qui-vous-simplifie-la-vie","title":{"rendered":"Cfora, la cl\u00e9 de votre Organisation"},"content":{"rendered":"<p><span style=\"color: #000000;\"><strong>Vous \u00eates restaurateur ou bien vous exercez un autre m\u00e9tier de bouche, Boucher, Boulanger, Traiteur\u2026 alors vous savez combien il peut s&#8217;av\u00e9rer compliqu\u00e9 de faire tourner un \u00e9tablissement.\u00a0 Avec l&#8217;application Cfora, tout devient plus simple. R\u00e8gles d&#8217;hygi\u00e8ne, gestion des stocks et du personnel, r\u00e9alisation de plannings, mise en place de l&#8217;accueil et de la cuisine&#8230; Cfora vous donne toutes les cl\u00e9s pour r\u00e9ussir \u00e0 ma\u00eetriser votre activit\u00e9. <\/strong><\/span><\/p>\n<p><span style=\"color: #000000;\">Outil de pilotage de l&#8217;activit\u00e9, gestionnaire de t\u00e2ches, aide au r\u00e9f\u00e9rencement, superviseur du personnel, instrument de tra\u00e7abilit\u00e9&#8230; Cfora, c&#8217;est tout cela \u00e0 la fois, et m\u00eame plus encore.<\/span><\/p>\n<p><span style=\"color: #000000;\">G\u00e9rer un restaurant ne s\u2019improvise pas et n\u00e9cessite de la rigueur. L&#8217;appli est l\u00e0 pour vous guider et vous accompagner. Vous y consignerez tous vos fournisseurs, vos produits, vos recettes, vos productions du jour et leur tra\u00e7abilit\u00e9, vos produits en stock&#8230; L&#8217;appli vous permettra alors de faire vos r\u00e9approvisionnements directement aupr\u00e8s de vos fournisseurs.<\/span><\/p>\n<p><span style=\"color: #000000;\">Et en cas d&#8217;absence impr\u00e9vue du chef de cuisine, pas de panique&#8230; Vos employ\u00e9s auront la possibilit\u00e9 de retrouver le d\u00e9tail des recettes de cuisine, avec tous les ingr\u00e9dients n\u00e9cessaires au gramme pr\u00e8s, les process de fabrication et de dressage.<\/span><\/p>\n<p><span style=\"color: #000000;\">V\u00e9ritable carnet de bord de l&#8217;activit\u00e9, l&#8217;appli Cfora vous permettra de partager avec votre personnel les codes et les r\u00e8gles (hygi\u00e8ne, accueil, tenues vestimentaires&#8230;) propres \u00e0 votre \u00e9tablissement, les actions \u00e0 r\u00e9aliser au quotidien, les process \u00e0 appliquer en cuisine, en salle ou en caisse ainsi que les situations particuli\u00e8res. Avec Cfora, impossible d&#8217;oublier quoi que ce soit.<\/span><\/p>\n<p><span style=\"color: #000000;\">Et pour ne rien laisser au hasard, vous pourrez r\u00e9pertorier les donn\u00e9es de vos mat\u00e9riels (num\u00e9ro de s\u00e9rie, de facture, date d&#8217;achat et de fin de garantie). En cas de panne ou de rachat \u00e0 l&#8217;identique, rien de plus simple, car tout est centralis\u00e9.<\/span><\/p>\n<p><span style=\"color: #000000;\">C&#8217;est aussi un outil de gestion du personnel indispensable. La fonction de chacun dans l&#8217;\u00e9tablissement, ses coordonn\u00e9es, sa position hi\u00e9rarchique, la nature de son contrat de travail, ses horaires&#8230; tout est consign\u00e9 avec pr\u00e9cision. Vous serez alors en mesure d&#8217;\u00e9diter automatiquement un organigramme ou de remettre un registre du personnel \u00e0 l&#8217;URSSAF.<\/span><\/p>\n<p><span style=\"color: #000000;\">Sans oublier une fonctionnalit\u00e9 essentielle \u00e0 votre activit\u00e9 : la r\u00e9alisation des plannings de la semaine pour chacun de vos salari\u00e9s, avec la possibilit\u00e9 de les imprimer ou de les diffuser par mail d&#8217;un simple clic.<\/span><\/p>\n<p><span style=\"color: #000000;\">Un outil de pointage est bien s\u00fbr int\u00e9gr\u00e9 au dispositif. Vos employ\u00e9s pourront enregistrer les heures de travail effectu\u00e9es dans la journ\u00e9e. \u00a0De votre c\u00f4t\u00e9, vous serez \u00e0 m\u00eame de contr\u00f4ler les pointages et de conna\u00eetre le cumul des heures dans le mois.<\/span><\/p>\n","protected":false},"excerpt":{"rendered":"<p><span style=\"color: #000000;\"><strong>HACCP &#8211; Tra\u00e7abilit\u00e9<\/strong><\/span><\/p>\n<ul>\n<li><span style=\"color: #000000;\">Relev\u00e9 de temp\u00e9rature auto ou manuel<\/span><\/li>\n<li><span style=\"color: #000000;\">Tra\u00e7abilit\u00e9 production automatis\u00e9<\/span><\/li>\n<li><span style=\"color: #000000;\">Suivi de tra\u00e7abilit\u00e9 automatis\u00e9<\/span><\/li>\n<li><span style=\"color: #000000;\">Plan de nettoyage sol &amp; surface pilot\u00e9<\/span><\/li>\n<li><span style=\"color: #000000;\">Relev\u00e9 des huiles<\/span><\/li>\n<li><span style=\"color: #000000;\">Fermeture de la cuisine pilot\u00e9e<\/span><\/li>\n<li><span style=\"color: #000000;\">Adaptable et personnalisable \u00e0 votre cuisine<\/span><\/li>\n<\/ul>\n<p><span style=\"color: #000000;\"><strong>PERSONNEL<\/strong><\/span><\/p>\n<ul>\n<li><span style=\"color: #000000;\">Fonction<\/span><\/li>\n<li><span style=\"color: #000000;\">Employ\u00e9s<\/span><\/li>\n<li><span style=\"color: #000000;\">Planning<\/span><\/li>\n<li><span style=\"color: #000000;\">Pointage<\/span><\/li>\n<li><span style=\"color: #000000;\">Suivi de pointage<\/span><\/li>\n<li><span style=\"color: #000000;\">Registre du personnel<\/span><\/li>\n<li><span style=\"color: #000000;\">Organigramme<\/span><\/li>\n<\/ul>\n<p><span style=\"color: #000000;\"><strong>ORGANISATION<\/strong><\/span><\/p>\n<ul>\n<li><span style=\"color: #000000;\">Fiches de poste<\/span><\/li>\n<li><span style=\"color: #000000;\">Feuilles journali\u00e8res<\/span><\/li>\n<li><span style=\"color: #000000;\">Qui fait quoi ?<\/span><\/li>\n<\/ul>\n<p><span style=\"color: #000000;\"><strong>MAT\u00c9RIEL<\/strong><\/span><\/p>\n<ul>\n<li><span style=\"color: #000000;\">La facture<\/span><\/li>\n<li><span style=\"color: #000000;\">Num\u00e9ro de s\u00e9rie<\/span><\/li>\n<li><span style=\"color: #000000;\">Date d\u2019achat<\/span><\/li>\n<li><span style=\"color: #000000;\">Fin de garantie<\/span><\/li>\n<li><span style=\"color: #000000;\">La notice<\/span><\/li>\n<li><span style=\"color: #000000;\">Qui appel\u00e9 en cas de SAV<\/span><\/li>\n<li><span style=\"color: #000000;\">Tout document utile<\/span><\/li>\n<\/ul>\n<p><span style=\"color: #000000;\"><strong>PRODUCTION<\/strong><\/span><\/p>\n<ul>\n<li><span style=\"color: #000000;\">Fournisseurs<\/span><\/li>\n<li><span style=\"color: #000000;\">Produits<\/span><\/li>\n<li><span style=\"color: #000000;\">Recettes<\/span><\/li>\n<li><span style=\"color: #000000;\">Stock \/ Besoins<\/span><\/li>\n<li><span style=\"color: #000000;\">Approvisionnement<\/span><\/li>\n<li><span style=\"color: #000000;\">Mise en place<\/span><\/li>\n<li><span style=\"color: #000000;\">Suivi Tra\u00e7abilit\u00e9<\/span><\/li>\n<\/ul>\n","protected":false},"featured_media":2375,"comment_status":"open","ping_status":"closed","template":"","meta":{"_seopress_robots_primary_cat":"none","_seopress_titles_title":"","_seopress_titles_desc":"","_seopress_robots_index":""},"product_brand":[],"product_cat":[21],"product_tag":[],"class_list":{"0":"post-2194","1":"product","2":"type-product","3":"status-publish","4":"has-post-thumbnail","6":"product_cat-applications","8":"first","9":"instock","10":"taxable","11":"shipping-taxable","12":"purchasable","13":"product-type-simple"},"jetpack_sharing_enabled":true,"_links":{"self":[{"href":"https:\/\/cfora.fr\/index.php?rest_route=\/wp\/v2\/product\/2194","targetHints":{"allow":["GET"]}}],"collection":[{"href":"https:\/\/cfora.fr\/index.php?rest_route=\/wp\/v2\/product"}],"about":[{"href":"https:\/\/cfora.fr\/index.php?rest_route=\/wp\/v2\/types\/product"}],"replies":[{"embeddable":true,"href":"https:\/\/cfora.fr\/index.php?rest_route=%2Fwp%2Fv2%2Fcomments&post=2194"}],"wp:featuredmedia":[{"embeddable":true,"href":"https:\/\/cfora.fr\/index.php?rest_route=\/wp\/v2\/media\/2375"}],"wp:attachment":[{"href":"https:\/\/cfora.fr\/index.php?rest_route=%2Fwp%2Fv2%2Fmedia&parent=2194"}],"wp:term":[{"taxonomy":"product_brand","embeddable":true,"href":"https:\/\/cfora.fr\/index.php?rest_route=%2Fwp%2Fv2%2Fproduct_brand&post=2194"},{"taxonomy":"product_cat","embeddable":true,"href":"https:\/\/cfora.fr\/index.php?rest_route=%2Fwp%2Fv2%2Fproduct_cat&post=2194"},{"taxonomy":"product_tag","embeddable":true,"href":"https:\/\/cfora.fr\/index.php?rest_route=%2Fwp%2Fv2%2Fproduct_tag&post=2194"}],"curies":[{"name":"wp","href":"https:\/\/api.w.org\/{rel}","templated":true}]}}