{"id":2186,"date":"2026-02-09T11:28:39","date_gmt":"2026-02-09T11:28:39","guid":{"rendered":"https:\/\/cfora.fr\/?post_type=product&#038;p=2186"},"modified":"2026-03-30T08:09:34","modified_gmt":"2026-03-30T08:09:34","slug":"testo-270-bt-testeur-dhuile-de-friture","status":"publish","type":"product","link":"https:\/\/cfora.fr\/?product=testo-270-bt-testeur-dhuile-de-friture","title":{"rendered":"Testeur d\u2019huile de friture"},"content":{"rendered":"<div class=\"richTextParagraph mt-8 px-4 eyeAbleSkipFontSize\">\n<p><span style=\"color: #000000;\">Les contr\u00f4les visuels et olfactifs ne permettent pas de contr\u00f4ler la qualit\u00e9 des huiles de friture avec une pr\u00e9cision suffisante. Gr\u00e2ce au testeur d\u2019huile de friture testo\u00a0270 BT, le restaurateur n\u2019a plus besoin de remplacer ses huiles de friture que lorsque des valeurs TPM critiques sont atteintes. Ainsi, il peut \u00e9viter des remplacements d\u2019huile de friture inutilement fr\u00e9quents et les frais y li\u00e9s tout en garantissant une qualit\u00e9 constante. La connexion \u00e0 l\u2019App testo\u00a0Smart simplifie tout encore plus, y compris la documentation d\u00e9mat\u00e9rialis\u00e9e, et minimise le risque d\u2019erreurs.<\/span><\/p>\n<p><span style=\"color: #000000;\">Afficheur LED Multicolor testo\u00a0270 BT\u00a0: la fonction suppl\u00e9mentaire n\u2019est disponible qu\u2019apr\u00e8s l\u2019enregistrement dans l\u2019App.<\/span><\/p>\n<\/div>\n","protected":false},"excerpt":{"rendered":"<div><span style=\"color: #000000;\">D\u00e9termination de la qualit\u00e9 de l\u2019huile sur place, y compris sa documentation sans faille via l\u2019App testo Smart.<\/span><\/div>\n<div>\n<p><span style=\"color: #000000;\">Mesures possibles avec et sans App. Le programme de mesure de l\u2019App pour l\u2019huile de friture vous soutient lors de la mesure et garantit une documentation num\u00e9rique sans erreur.<\/span><\/p>\n<div><span style=\"color: #000000;\">Tra\u00e7abilit\u00e9 des donn\u00e9es de mesure : exportation des donn\u00e9es au format CSV ou rapports professionnels au format PDF (avec fonction de signature et de commentaire) pour les exigences r\u00e9glementaires et l\u2019assurance-qualit\u00e9 interne.<\/span><\/div>\n<div><span style=\"color: #000000;\">Mesure directement dans l\u2019huile chaude.<\/span><\/div>\n<div><span style=\"color: #000000;\">\u00c9talonnage possible par l\u2019utilisateur sur place au moyen de l\u2019huile de r\u00e9f\u00e9rence et de l\u2019App testo Smart<\/span><\/div>\n<\/div>\n","protected":false},"featured_media":2367,"comment_status":"open","ping_status":"closed","template":"","meta":{"_seopress_robots_primary_cat":"none","_seopress_titles_title":"","_seopress_titles_desc":"","_seopress_robots_index":""},"product_brand":[],"product_cat":[26],"product_tag":[],"class_list":{"0":"post-2186","1":"product","2":"type-product","3":"status-publish","4":"has-post-thumbnail","6":"product_cat-accessoires","8":"first","9":"instock","10":"taxable","11":"shipping-taxable","12":"purchasable","13":"product-type-simple"},"jetpack_sharing_enabled":true,"_links":{"self":[{"href":"https:\/\/cfora.fr\/index.php?rest_route=\/wp\/v2\/product\/2186","targetHints":{"allow":["GET"]}}],"collection":[{"href":"https:\/\/cfora.fr\/index.php?rest_route=\/wp\/v2\/product"}],"about":[{"href":"https:\/\/cfora.fr\/index.php?rest_route=\/wp\/v2\/types\/product"}],"replies":[{"embeddable":true,"href":"https:\/\/cfora.fr\/index.php?rest_route=%2Fwp%2Fv2%2Fcomments&post=2186"}],"wp:featuredmedia":[{"embeddable":true,"href":"https:\/\/cfora.fr\/index.php?rest_route=\/wp\/v2\/media\/2367"}],"wp:attachment":[{"href":"https:\/\/cfora.fr\/index.php?rest_route=%2Fwp%2Fv2%2Fmedia&parent=2186"}],"wp:term":[{"taxonomy":"product_brand","embeddable":true,"href":"https:\/\/cfora.fr\/index.php?rest_route=%2Fwp%2Fv2%2Fproduct_brand&post=2186"},{"taxonomy":"product_cat","embeddable":true,"href":"https:\/\/cfora.fr\/index.php?rest_route=%2Fwp%2Fv2%2Fproduct_cat&post=2186"},{"taxonomy":"product_tag","embeddable":true,"href":"https:\/\/cfora.fr\/index.php?rest_route=%2Fwp%2Fv2%2Fproduct_tag&post=2186"}],"curies":[{"name":"wp","href":"https:\/\/api.w.org\/{rel}","templated":true}]}}