{"id":2182,"date":"2026-02-09T11:16:10","date_gmt":"2026-02-09T11:16:10","guid":{"rendered":"https:\/\/cfora.fr\/?post_type=product&#038;p=2182"},"modified":"2026-03-30T08:14:15","modified_gmt":"2026-03-30T08:14:15","slug":"thermometre-connecte-froid","status":"publish","type":"product","link":"https:\/\/cfora.fr\/?product=thermometre-connecte-froid","title":{"rendered":"Thermom\u00e8tre Connect\u00e9 avec base"},"content":{"rendered":"<ul class=\"a-unordered-list a-vertical a-spacing-mini\">\n<li class=\"a-spacing-mini\"><span class=\"a-list-item\" style=\"color: #000000;\">Mesures de haute pr\u00e9cision : Le capteur de haute pr\u00e9cision industriel suisse garantit une pr\u00e9cision de temp\u00e9rature de \u00b10,2\u202f\u00b0C sur une large plage de -20\u201360\u202f\u00b0C et une pr\u00e9cision d&#8217;humidit\u00e9 de \u00b12\u202f% RH dans une plage de 0\u2013100\u202f% RH<\/span><\/li>\n<li class=\"a-spacing-mini\"><span class=\"a-list-item\" style=\"color: #000000;\">Sensibilit\u00e9 am\u00e9lior\u00e9e : Avec un intervalle d&#8217;\u00e9chantillonnage de 2 secondes plus rapide et plus pr\u00e9cis, l&#8217;appareil surveille en permanence la temp\u00e9rature et l&#8217;humidit\u00e9 24 heures sur 24<\/span><\/li>\n<li class=\"a-spacing-mini\"><span class=\"a-list-item\" style=\"color: #000000;\">Couverture \u00e9tendue pour votre foyer : Profitez d&#8217;une port\u00e9e de communication allant jusqu&#8217;\u00e0 500\u202fm entre le thermom\u00e8tre hygrom\u00e8tre et la station de base, prenant en charge jusqu&#8217;\u00e0 10 capteurs pour une couverture \u00e9tendue et une stabilit\u00e9 de signal fiable<\/span><\/li>\n<li class=\"a-spacing-mini\"><span class=\"a-list-item\" style=\"color: #000000;\">Notifications en temps r\u00e9el : Recevez des notifications instantan\u00e9es sur votre smartphone lorsque la temp\u00e9rature ou l&#8217;humidit\u00e9 d\u00e9passe les plages pr\u00e9d\u00e9finies ou lorsque la batterie est faible. Des param\u00e8tres d&#8217;alarme personnalisables sont disponibles sur la station de base<\/span><\/li>\n<li class=\"a-spacing-mini\"><span class=\"a-list-item\" style=\"color: #000000;\">Graphiques et statistiques fiables : Analysez les donn\u00e9es de temp\u00e9rature et d&#8217;humidit\u00e9 avec notre application X-Sense Home Security, offrant des vues annuelles, mensuelles, quotidiennes et horaires. Les graphiques en courbe affichent les valeurs minimales, maximales et moyennes pour l&#8217;intervalle s\u00e9lectionn\u00e9<\/span><\/li>\n<\/ul>\n","protected":false},"excerpt":{"rendered":"<p><span style=\"color: #000000;\">Thermom\u00e8tre Connect\u00e9, WiFi Hygrom\u00e8tre Haute Pr\u00e9cision avec Suivi Temp\u00e9rature et Humidit\u00e9, Alertes App, Exportation Donn\u00e9es, Port\u00e9e 500m.<\/span><\/p>\n<p><span style=\"color: #000000;\">Il est possible d&#8217;installer 50 thermom\u00e8tre par base.<\/span><\/p>\n","protected":false},"featured_media":2371,"comment_status":"open","ping_status":"closed","template":"","meta":{"_seopress_robots_primary_cat":"none","_seopress_titles_title":"","_seopress_titles_desc":"","_seopress_robots_index":""},"product_brand":[],"product_cat":[26],"product_tag":[],"class_list":{"0":"post-2182","1":"product","2":"type-product","3":"status-publish","4":"has-post-thumbnail","6":"product_cat-accessoires","8":"first","9":"instock","10":"taxable","11":"shipping-taxable","12":"purchasable","13":"product-type-simple"},"jetpack_sharing_enabled":true,"_links":{"self":[{"href":"https:\/\/cfora.fr\/index.php?rest_route=\/wp\/v2\/product\/2182","targetHints":{"allow":["GET"]}}],"collection":[{"href":"https:\/\/cfora.fr\/index.php?rest_route=\/wp\/v2\/product"}],"about":[{"href":"https:\/\/cfora.fr\/index.php?rest_route=\/wp\/v2\/types\/product"}],"replies":[{"embeddable":true,"href":"https:\/\/cfora.fr\/index.php?rest_route=%2Fwp%2Fv2%2Fcomments&post=2182"}],"wp:featuredmedia":[{"embeddable":true,"href":"https:\/\/cfora.fr\/index.php?rest_route=\/wp\/v2\/media\/2371"}],"wp:attachment":[{"href":"https:\/\/cfora.fr\/index.php?rest_route=%2Fwp%2Fv2%2Fmedia&parent=2182"}],"wp:term":[{"taxonomy":"product_brand","embeddable":true,"href":"https:\/\/cfora.fr\/index.php?rest_route=%2Fwp%2Fv2%2Fproduct_brand&post=2182"},{"taxonomy":"product_cat","embeddable":true,"href":"https:\/\/cfora.fr\/index.php?rest_route=%2Fwp%2Fv2%2Fproduct_cat&post=2182"},{"taxonomy":"product_tag","embeddable":true,"href":"https:\/\/cfora.fr\/index.php?rest_route=%2Fwp%2Fv2%2Fproduct_tag&post=2182"}],"curies":[{"name":"wp","href":"https:\/\/api.w.org\/{rel}","templated":true}]}}