{"id":2177,"date":"2026-02-09T11:00:33","date_gmt":"2026-02-09T11:00:33","guid":{"rendered":"https:\/\/cfora.fr\/?post_type=product&#038;p=2177"},"modified":"2026-03-28T08:35:25","modified_gmt":"2026-03-28T08:35:25","slug":"tablette-tactile-lenovo-tab-p12-12-7","status":"publish","type":"product","link":"https:\/\/cfora.fr\/?product=tablette-tactile-lenovo-tab-p12-12-7","title":{"rendered":"Tablette Tactile 12.7 pouce"},"content":{"rendered":"<dl class=\"f-productProperties__item\">\n<dt class=\"f-productProperties__term\"><span style=\"color: #000000;\">Le Pack Tab P12 128 GO + Stylet de LENOVO est un incontournable pour les utilisateurs exigeants. Avec son \u00e9cran 12.7&#8242; LTPS LCD 3K offrant une r\u00e9solution de 2944 x 1840, chaque image est d&#8217;une nettet\u00e9 exceptionnelle. Le processeur MediaTek Dimensity 7050 Octa-Core, cadenc\u00e9 jusqu&#8217;\u00e0 2.6 Ghz, garantit des performances fluides pour une utilisation multit\u00e2che sans accroc. Equip\u00e9 de 8GB de m\u00e9moire vive LPDDR4x.<\/span><\/dt>\n<\/dl>\n","protected":false},"excerpt":{"rendered":"<p><span style=\"color: #000000;\">Avec une tablette, un t\u00e9l\u00e9phone andro\u00efde ou un ordinateur, vous pourrez piloter et voir l&#8217;int\u00e9gralit\u00e9 des applications Caisse enregistreuse et Cfora o\u00f9 que vous soyez dans le monde.<\/span><\/p>\n","protected":false},"featured_media":2361,"comment_status":"open","ping_status":"closed","template":"","meta":{"_seopress_robots_primary_cat":"none","_seopress_titles_title":"","_seopress_titles_desc":"","_seopress_robots_index":""},"product_brand":[],"product_cat":[25],"product_tag":[],"class_list":{"0":"post-2177","1":"product","2":"type-product","3":"status-publish","4":"has-post-thumbnail","6":"product_cat-ecran","8":"first","9":"instock","10":"taxable","11":"shipping-taxable","12":"purchasable","13":"product-type-simple"},"jetpack_sharing_enabled":true,"_links":{"self":[{"href":"https:\/\/cfora.fr\/index.php?rest_route=\/wp\/v2\/product\/2177","targetHints":{"allow":["GET"]}}],"collection":[{"href":"https:\/\/cfora.fr\/index.php?rest_route=\/wp\/v2\/product"}],"about":[{"href":"https:\/\/cfora.fr\/index.php?rest_route=\/wp\/v2\/types\/product"}],"replies":[{"embeddable":true,"href":"https:\/\/cfora.fr\/index.php?rest_route=%2Fwp%2Fv2%2Fcomments&post=2177"}],"wp:featuredmedia":[{"embeddable":true,"href":"https:\/\/cfora.fr\/index.php?rest_route=\/wp\/v2\/media\/2361"}],"wp:attachment":[{"href":"https:\/\/cfora.fr\/index.php?rest_route=%2Fwp%2Fv2%2Fmedia&parent=2177"}],"wp:term":[{"taxonomy":"product_brand","embeddable":true,"href":"https:\/\/cfora.fr\/index.php?rest_route=%2Fwp%2Fv2%2Fproduct_brand&post=2177"},{"taxonomy":"product_cat","embeddable":true,"href":"https:\/\/cfora.fr\/index.php?rest_route=%2Fwp%2Fv2%2Fproduct_cat&post=2177"},{"taxonomy":"product_tag","embeddable":true,"href":"https:\/\/cfora.fr\/index.php?rest_route=%2Fwp%2Fv2%2Fproduct_tag&post=2177"}],"curies":[{"name":"wp","href":"https:\/\/api.w.org\/{rel}","templated":true}]}}