{"id":2168,"date":"2026-02-09T08:40:52","date_gmt":"2026-02-09T08:40:52","guid":{"rendered":"https:\/\/cfora.fr\/?post_type=product&#038;p=2168"},"modified":"2026-03-30T08:16:58","modified_gmt":"2026-03-30T08:16:58","slug":"elo-pay-z30-tap-to-pay","status":"publish","type":"product","link":"https:\/\/cfora.fr\/?product=elo-pay-z30-tap-to-pay","title":{"rendered":"Caisse enregistreuse &#8211; Elo Pay Z30"},"content":{"rendered":"<p><span style=\"color: #000000;\"><strong>\u00c9crans tactiles performants<\/strong><\/span><\/p>\n<p><span style=\"color: #000000;\"><strong>L\u2019Elo Pay Z30 int\u00e8gre deux \u00e9crans tactiles TouchPro PCAP \u00e0 10 points de contact : un \u00e9cran Full HD de 15,6\u2033 orient\u00e9 vers le commer\u00e7ant et un \u00e9cran de 10,1\u2033 orient\u00e9 vers le\u00a0client<\/strong><\/span><\/p>\n<p>Il s\u2019agit du prix du loyer mensuel HT.<\/p>\n","protected":false},"excerpt":{"rendered":"<h4><span style=\"color: #000000;\"><span dir=\"auto\">Cr\u00e9ez votre <\/span><span dir=\"auto\">syst\u00e8me de point de vente id\u00e9al.<\/span><\/span><\/h4>\n<p><span dir=\"auto\" style=\"color: #000000;\">Que vous ayez besoin d&#8217;un terminal de point de vente complet ou d&#8217;un appareil mobile pour encaisser des paiements en d\u00e9placement, la gamme Elo Pay facilite l&#8217;acceptation des paiements sur une plateforme unifi\u00e9e.<\/span><\/p>\n","protected":false},"featured_media":2372,"comment_status":"open","ping_status":"closed","template":"","meta":{"_seopress_robots_primary_cat":"none","_seopress_titles_title":"","_seopress_titles_desc":"","_seopress_robots_index":""},"product_brand":[],"product_cat":[27],"product_tag":[],"class_list":{"0":"post-2168","1":"product","2":"type-product","3":"status-publish","4":"has-post-thumbnail","6":"product_cat-caisse","8":"first","9":"instock","10":"taxable","11":"shipping-taxable","12":"purchasable","13":"product-type-simple"},"jetpack_sharing_enabled":true,"_links":{"self":[{"href":"https:\/\/cfora.fr\/index.php?rest_route=\/wp\/v2\/product\/2168","targetHints":{"allow":["GET"]}}],"collection":[{"href":"https:\/\/cfora.fr\/index.php?rest_route=\/wp\/v2\/product"}],"about":[{"href":"https:\/\/cfora.fr\/index.php?rest_route=\/wp\/v2\/types\/product"}],"replies":[{"embeddable":true,"href":"https:\/\/cfora.fr\/index.php?rest_route=%2Fwp%2Fv2%2Fcomments&post=2168"}],"wp:featuredmedia":[{"embeddable":true,"href":"https:\/\/cfora.fr\/index.php?rest_route=\/wp\/v2\/media\/2372"}],"wp:attachment":[{"href":"https:\/\/cfora.fr\/index.php?rest_route=%2Fwp%2Fv2%2Fmedia&parent=2168"}],"wp:term":[{"taxonomy":"product_brand","embeddable":true,"href":"https:\/\/cfora.fr\/index.php?rest_route=%2Fwp%2Fv2%2Fproduct_brand&post=2168"},{"taxonomy":"product_cat","embeddable":true,"href":"https:\/\/cfora.fr\/index.php?rest_route=%2Fwp%2Fv2%2Fproduct_cat&post=2168"},{"taxonomy":"product_tag","embeddable":true,"href":"https:\/\/cfora.fr\/index.php?rest_route=%2Fwp%2Fv2%2Fproduct_tag&post=2168"}],"curies":[{"name":"wp","href":"https:\/\/api.w.org\/{rel}","templated":true}]}}