{"id":2156,"date":"2026-02-09T07:59:38","date_gmt":"2026-02-09T07:59:38","guid":{"rendered":"https:\/\/cfora.fr\/?post_type=product&#038;p=2156"},"modified":"2026-04-08T10:50:27","modified_gmt":"2026-04-08T10:50:27","slug":"imprimante-detiquettes-ql-820nwb","status":"publish","type":"product","link":"https:\/\/cfora.fr\/?product=imprimante-detiquettes-ql-820nwb","title":{"rendered":"Imprimante tra\u00e7abilit\u00e9"},"content":{"rendered":"<ul class=\"details-list col-xs-12 col-sm-4\">\n<li class=\"item\"><span style=\"color: #000000;\">Imprime jusqu&#8217;\u00e0 62 mm de largeur<\/span><\/li>\n<li class=\"item\"><span style=\"color: #000000;\">Vitesse d&#8217;impression de 176 mm\/sec<\/span><\/li>\n<li class=\"item\"><span style=\"color: #000000;\">Impression en noir et en rouge<\/span><\/li>\n<li class=\"item\"><span style=\"color: #000000;\">Connectivit\u00e9s USB, r\u00e9seau Ethernet, Wi-Fi et Bluetooth<\/span><\/li>\n<li class=\"item\"><span style=\"color: #000000;\">Tailles rubans : DK 12 \/ 17 \/ 24 \/ 29 \/ 38 \/ 58 \/ 62 mm<\/span><\/li>\n<li class=\"item\"><span style=\"color: #000000;\">Inclus : 1 rouleau DK-11201, 1 rouleau DK-22251, adaptateur secteur<\/span><\/li>\n<\/ul>\n","protected":false},"excerpt":{"rendered":"<div><span style=\"color: #000000;\">La\u00a0<strong>QL-820NWN<\/strong>\u00a0est une imprimante poss\u00e9dant de nombreuses connectivit\u00e9s (USB, R\u00e9seau Ethernet, Wi-Fi, Bluetooth), qui permet de\u00a0<strong>cr\u00e9er des \u00e9tiquettes sur mesure\u00a0<\/strong>\u00e0 l&#8217;aide du logiciel d&#8217;\u00e9dition P-touch Editor. Elle dispose d\u2019un large \u00e9cran rendant son utilisation autonome plus confortable.<\/span><\/div>\n<div><span style=\"color: #000000;\">Elle utilise les rouleaux DK en version continue ou encore au format \u00e9tiquettes pr\u00e9d\u00e9coup\u00e9es.<\/span><\/div>\n<h6><span style=\"color: #000000;\">Il s&#8217;agit du prix du loyer mensuel HT.<\/span><\/h6>\n","protected":false},"featured_media":2373,"comment_status":"open","ping_status":"closed","template":"","meta":{"_seopress_robots_primary_cat":"none","_seopress_titles_title":"","_seopress_titles_desc":"","_seopress_robots_index":""},"product_brand":[],"product_cat":[24],"product_tag":[],"class_list":{"0":"post-2156","1":"product","2":"type-product","3":"status-publish","4":"has-post-thumbnail","6":"product_cat-impression","8":"first","9":"instock","10":"taxable","11":"shipping-taxable","12":"purchasable","13":"product-type-simple"},"jetpack_sharing_enabled":true,"_links":{"self":[{"href":"https:\/\/cfora.fr\/index.php?rest_route=\/wp\/v2\/product\/2156","targetHints":{"allow":["GET"]}}],"collection":[{"href":"https:\/\/cfora.fr\/index.php?rest_route=\/wp\/v2\/product"}],"about":[{"href":"https:\/\/cfora.fr\/index.php?rest_route=\/wp\/v2\/types\/product"}],"replies":[{"embeddable":true,"href":"https:\/\/cfora.fr\/index.php?rest_route=%2Fwp%2Fv2%2Fcomments&post=2156"}],"wp:featuredmedia":[{"embeddable":true,"href":"https:\/\/cfora.fr\/index.php?rest_route=\/wp\/v2\/media\/2373"}],"wp:attachment":[{"href":"https:\/\/cfora.fr\/index.php?rest_route=%2Fwp%2Fv2%2Fmedia&parent=2156"}],"wp:term":[{"taxonomy":"product_brand","embeddable":true,"href":"https:\/\/cfora.fr\/index.php?rest_route=%2Fwp%2Fv2%2Fproduct_brand&post=2156"},{"taxonomy":"product_cat","embeddable":true,"href":"https:\/\/cfora.fr\/index.php?rest_route=%2Fwp%2Fv2%2Fproduct_cat&post=2156"},{"taxonomy":"product_tag","embeddable":true,"href":"https:\/\/cfora.fr\/index.php?rest_route=%2Fwp%2Fv2%2Fproduct_tag&post=2156"}],"curies":[{"name":"wp","href":"https:\/\/api.w.org\/{rel}","templated":true}]}}