{"id":2467,"date":"2026-04-13T15:58:24","date_gmt":"2026-04-13T15:58:24","guid":{"rendered":"https:\/\/cfora.fr\/?page_id=2467"},"modified":"2026-04-13T16:24:51","modified_gmt":"2026-04-13T16:24:51","slug":"demo-gratuite","status":"publish","type":"page","link":"https:\/\/cfora.fr\/?page_id=2467","title":{"rendered":"Demandez votre d\u00e9mo gratuite."},"content":{"rendered":"\n<div class=\"wp-block-media-text has-media-on-the-right is-stacked-on-mobile\"><div class=\"wp-block-media-text__content\">\n<p>Avec Cfora.fr, d\u00e9couvrez une solution tout-en-un pens\u00e9e par des restaurateurs, pour les restaurateurs.<\/p>\n\n\n\n<p>\ud83d\udc49 Testez gratuitement toutes les fonctionnalit\u00e9s<br>\ud83d\udc49 Gagnez du temps et am\u00e9liorez votre rentabilit\u00e9<\/p>\n\n\n\n<p><strong>\ud83c\udfaf Demandez votre d\u00e9monstration gratuite d\u00e8s maintenant !<\/strong><\/p>\n<\/div><figure class=\"wp-block-media-text__media\"><img loading=\"lazy\" decoding=\"async\" width=\"777\" height=\"1024\" src=\"https:\/\/cfora.fr\/wp-content\/uploads\/2026\/04\/Solution-complete-pour-restaurateurs-professionnels-777x1024.png\" alt=\"\" class=\"wp-image-2484 size-full\" srcset=\"https:\/\/cfora.fr\/wp-content\/uploads\/2026\/04\/Solution-complete-pour-restaurateurs-professionnels-777x1024.png 777w, https:\/\/cfora.fr\/wp-content\/uploads\/2026\/04\/Solution-complete-pour-restaurateurs-professionnels-228x300.png 228w, https:\/\/cfora.fr\/wp-content\/uploads\/2026\/04\/Solution-complete-pour-restaurateurs-professionnels-768x1013.png 768w, https:\/\/cfora.fr\/wp-content\/uploads\/2026\/04\/Solution-complete-pour-restaurateurs-professionnels-600x791.png 600w, https:\/\/cfora.fr\/wp-content\/uploads\/2026\/04\/Solution-complete-pour-restaurateurs-professionnels.png 1092w\" sizes=\"auto, (max-width: 777px) 100vw, 777px\" \/><\/figure><\/div>\n\n\n\n<div style=\"height:62px\" aria-hidden=\"true\" class=\"wp-block-spacer\"><\/div>\n\n\n\n<figure class=\"wp-block-table\"><table class=\"has-fixed-layout\"><tbody><tr><td><br><style id=\"wpforms-css-vars-2459\">\n\t\t\t\t#wpforms-2459 {\n\t\t\t\t--wpforms-field-size-input-height: 43px;\n--wpforms-field-size-input-spacing: 15px;\n--wpforms-field-size-font-size: 16px;\n--wpforms-field-size-line-height: 19px;\n--wpforms-field-size-padding-h: 14px;\n--wpforms-field-size-checkbox-size: 16px;\n--wpforms-field-size-sublabel-spacing: 5px;\n--wpforms-field-size-icon-size: 1;\n--wpforms-label-size-font-size: 16px;\n--wpforms-label-size-line-height: 19px;\n--wpforms-label-size-sublabel-font-size: 14px;\n--wpforms-label-size-sublabel-line-height: 17px;\n--wpforms-button-size-font-size: 17px;\n--wpforms-button-size-height: 41px;\n--wpforms-button-size-padding-h: 15px;\n--wpforms-button-size-margin-top: 10px;\n--wpforms-container-shadow-size-box-shadow: none;\n\t\t\t}\n\t\t\t<\/style><div class=\"wpforms-container wpforms-container-full wpforms-render-modern\" id=\"wpforms-2459\"><form id=\"wpforms-form-2459\" class=\"wpforms-validate wpforms-form wpforms-ajax-form\" data-formid=\"2459\" method=\"post\" enctype=\"multipart\/form-data\" action=\"\/index.php?rest_route=%2Fwp%2Fv2%2Fpages%2F2467\" data-token=\"4efc0fa5c85c7d5187757deb6b0c0ef0\" data-token-time=\"1776346468\"><noscript class=\"wpforms-error-noscript\">Veuillez activer JavaScript dans votre navigateur pour remplir ce formulaire.<\/noscript><div id=\"wpforms-error-noscript\" style=\"display: none;\">Veuillez activer JavaScript dans votre navigateur pour remplir ce formulaire.<\/div><div class=\"wpforms-field-container\"><div id=\"wpforms-2459-field_0-container\" class=\"wpforms-field wpforms-field-name\" data-field-id=\"0\"><fieldset><legend class=\"wpforms-field-label\">Vos coordonn\u00e9es <span class=\"wpforms-required-label\" aria-hidden=\"true\">*<\/span><\/legend><div class=\"wpforms-field-row wpforms-field-medium\"><div class=\"wpforms-field-row-block wpforms-first wpforms-one-half\"><input type=\"text\" id=\"wpforms-2459-field_0\" class=\"wpforms-field-name-first wpforms-field-required\" name=\"wpforms[fields][0][first]\" aria-errormessage=\"wpforms-2459-field_0-error\" required><label for=\"wpforms-2459-field_0\" class=\"wpforms-field-sublabel after\">Pr\u00e9nom<\/label><\/div><div class=\"wpforms-field-row-block wpforms-one-half\"><input type=\"text\" id=\"wpforms-2459-field_0-last\" class=\"wpforms-field-name-last wpforms-field-required\" name=\"wpforms[fields][0][last]\" aria-errormessage=\"wpforms-2459-field_0-last-error\" required><label for=\"wpforms-2459-field_0-last\" class=\"wpforms-field-sublabel after\">Nom<\/label><\/div><\/div><\/fieldset><\/div><div id=\"wpforms-2459-field_9-container\" class=\"wpforms-field wpforms-field-name\" data-field-id=\"9\"><label class=\"wpforms-field-label\" for=\"wpforms-2459-field_9\">Nom de l&#039;\u00e9tablissement <span class=\"wpforms-required-label\" aria-hidden=\"true\">*<\/span><\/label><input type=\"text\" id=\"wpforms-2459-field_9\" class=\"wpforms-field-medium wpforms-field-required\" name=\"wpforms[fields][9]\" aria-errormessage=\"wpforms-2459-field_9-error\" required><\/div><div id=\"wpforms-2459-field_10-container\" class=\"wpforms-field wpforms-field-name\" data-field-id=\"10\"><label class=\"wpforms-field-label\" for=\"wpforms-2459-field_10\">Ville <span class=\"wpforms-required-label\" aria-hidden=\"true\">*<\/span><\/label><input type=\"text\" id=\"wpforms-2459-field_10\" class=\"wpforms-field-medium wpforms-field-required\" name=\"wpforms[fields][10]\" aria-errormessage=\"wpforms-2459-field_10-error\" required><\/div><div id=\"wpforms-2459-field_1-container\" class=\"wpforms-field wpforms-field-email\" data-field-id=\"1\"><label class=\"wpforms-field-label\" for=\"wpforms-2459-field_1\">Email <span class=\"wpforms-required-label\" aria-hidden=\"true\">*<\/span><\/label><input type=\"email\" id=\"wpforms-2459-field_1\" class=\"wpforms-field-medium wpforms-field-required\" name=\"wpforms[fields][1]\" spellcheck=\"false\" aria-errormessage=\"wpforms-2459-field_1-error\" required><\/div><div id=\"wpforms-2459-field_5-container\" class=\"wpforms-field wpforms-field-phone\" data-field-id=\"5\"><label class=\"wpforms-field-label\" for=\"wpforms-2459-field_5\">T\u00e9l\u00e9phone <span class=\"wpforms-required-label\" aria-hidden=\"true\">*<\/span><\/label><input type=\"tel\" id=\"wpforms-2459-field_5\" class=\"wpforms-field-medium wpforms-field-required\" data-rule-int-phone-field=\"true\" name=\"wpforms[fields][5]\" aria-label=\"T\u00e9l\u00e9phone\" aria-errormessage=\"wpforms-2459-field_5-error\" required><\/div><div id=\"wpforms-2459-field_6-container\" class=\"wpforms-field wpforms-field-radio wpforms-list-inline\" data-field-id=\"6\"><fieldset><legend class=\"wpforms-field-label\">Vous pr\u00e9f\u00e9rez \u00eatre contact\u00e9 par :<\/legend><ul id=\"wpforms-2459-field_6\"><li class=\"choice-1 depth-1\"><input type=\"radio\" id=\"wpforms-2459-field_6_1\" name=\"wpforms[fields][6]\" value=\"T\u00e9l\u00e9phone\" aria-errormessage=\"wpforms-2459-field_6_1-error\"  ><label class=\"wpforms-field-label-inline\" for=\"wpforms-2459-field_6_1\">T\u00e9l\u00e9phone<\/label><\/li><li class=\"choice-2 depth-1\"><input type=\"radio\" id=\"wpforms-2459-field_6_2\" name=\"wpforms[fields][6]\" value=\"Email\" aria-errormessage=\"wpforms-2459-field_6_2-error\"  ><label class=\"wpforms-field-label-inline\" for=\"wpforms-2459-field_6_2\">Email<\/label><\/li><li class=\"choice-3 depth-1\"><input type=\"radio\" id=\"wpforms-2459-field_6_3\" name=\"wpforms[fields][6]\" value=\"Visite\" aria-errormessage=\"wpforms-2459-field_6_3-error\"  ><label class=\"wpforms-field-label-inline\" for=\"wpforms-2459-field_6_3\">Visite<\/label><\/li><\/ul><\/fieldset><\/div><div id=\"wpforms-2459-field_4-container\" class=\"wpforms-field wpforms-field-date-time\" data-field-id=\"4\"><fieldset><legend class=\"wpforms-field-label\">Votre cr\u00e9neau horaire<\/legend><div class=\"wpforms-field-row wpforms-field-medium\"><div class=\"wpforms-field-row-block wpforms-date-type-datepicker\"><div class=\"wpforms-datepicker-wrap\"><input type=\"text\" id=\"wpforms-2459-field_4\" class=\"wpforms-field-date-time-date wpforms-datepicker\" data-date-format=\"m\/d\/Y\" data-disable-past-dates=\"0\" data-input=\"true\" name=\"wpforms[fields][4][date]\" aria-errormessage=\"wpforms-2459-field_4-error\" ><a title=\"Effacer la date\" data-clear role=\"button\" tabindex=\"0\" class=\"wpforms-datepicker-clear\" aria-label=\"Effacer la date\" style=\"display:none;\"><\/a><\/div><label for=\"wpforms-2459-field_4\" class=\"wpforms-field-sublabel after\">Date<\/label><\/div><div class=\"wpforms-field-row-block\"><input type=\"text\" id=\"wpforms-2459-field_4-time\" class=\"wpforms-field-date-time-time wpforms-timepicker\" data-time-format=\"g:i A\" data-step=\"30\" data-rule-time12h=\"true\" name=\"wpforms[fields][4][time]\" aria-errormessage=\"wpforms-2459-field_4-time-error\" ><label for=\"wpforms-2459-field_4-time\" class=\"wpforms-field-sublabel after\">Heure<\/label><\/div><\/div><\/fieldset><\/div><div id=\"wpforms-2459-field_7-container\" class=\"wpforms-field wpforms-field-payment-checkbox\" data-field-id=\"7\"><fieldset><legend class=\"wpforms-field-label\">Services Requested<\/legend><ul id=\"wpforms-2459-field_7\"><li class=\"choice-1\"><input type=\"checkbox\" id=\"wpforms-2459-field_7_1\" class=\"wpforms-payment-price\" data-amount=\"55.00\" name=\"wpforms[fields][7][]\" value=\"1\" aria-errormessage=\"wpforms-2459-field_7_1-error\"  ><label class=\"wpforms-field-label-inline\" for=\"wpforms-2459-field_7_1\">Caisse Enregistreuse<\/label><\/li><li class=\"choice-2\"><input type=\"checkbox\" id=\"wpforms-2459-field_7_2\" class=\"wpforms-payment-price\" data-amount=\"90.00\" name=\"wpforms[fields][7][]\" value=\"2\" aria-errormessage=\"wpforms-2459-field_7_2-error\"  ><label class=\"wpforms-field-label-inline\" for=\"wpforms-2459-field_7_2\">Organisation Etablissement<\/label><\/li><li class=\"choice-3\"><input type=\"checkbox\" id=\"wpforms-2459-field_7_3\" class=\"wpforms-payment-price\" data-amount=\"125.00\" name=\"wpforms[fields][7][]\" value=\"3\" aria-errormessage=\"wpforms-2459-field_7_3-error\"  ><label class=\"wpforms-field-label-inline\" for=\"wpforms-2459-field_7_3\">HACCP<\/label><\/li><li class=\"choice-4\"><input type=\"checkbox\" id=\"wpforms-2459-field_7_4\" class=\"wpforms-payment-price\" data-amount=\"190.00\" name=\"wpforms[fields][7][]\" value=\"4\" aria-errormessage=\"wpforms-2459-field_7_4-error\"  ><label class=\"wpforms-field-label-inline\" for=\"wpforms-2459-field_7_4\">Tra\u00e7abilit\u00e9<\/label><\/li><li class=\"choice-5\"><input type=\"checkbox\" id=\"wpforms-2459-field_7_5\" class=\"wpforms-payment-price\" data-amount=\"275.00\" name=\"wpforms[fields][7][]\" value=\"5\" aria-errormessage=\"wpforms-2459-field_7_5-error\"  ><label class=\"wpforms-field-label-inline\" for=\"wpforms-2459-field_7_5\">Mat\u00e9riel : Tablette, imprimantes...<\/label><\/li><\/ul><\/fieldset><\/div>\t\t<div id=\"wpforms-2459-field_2-container\"\n\t\t\tclass=\"wpforms-field wpforms-field-text\"\n\t\t\tdata-field-type=\"text\"\n\t\t\tdata-field-id=\"2\"\n\t\t\t>\n\t\t\t<label class=\"wpforms-field-label\" for=\"wpforms-2459-field_2\" >Vous suppl\u00e9mentaire de<\/label>\n\t\t\t<input type=\"text\" id=\"wpforms-2459-field_2\" class=\"wpforms-field-medium\" name=\"wpforms[fields][2]\" >\n\t\t<\/div>\n\t\t<div id=\"wpforms-2459-field_8-container\" class=\"wpforms-field wpforms-field-textarea\" data-field-id=\"8\"><label class=\"wpforms-field-label\" for=\"wpforms-2459-field_8\">Veuillez fournir tout d\u00e9tail suppl\u00e9mentaire ci-dessous :<\/label><textarea id=\"wpforms-2459-field_8\" class=\"wpforms-field-medium\" name=\"wpforms[fields][8]\" aria-errormessage=\"wpforms-2459-field_8-error\" ><\/textarea><\/div><script>\n\t\t\t\t( function() {\n\t\t\t\t\tconst style = document.createElement( 'style' );\n\t\t\t\t\tstyle.appendChild( document.createTextNode( '#wpforms-2459-field_2-container { position: absolute !important; overflow: hidden !important; display: inline !important; height: 1px !important; width: 1px !important; z-index: -1000 !important; padding: 0 !important; } #wpforms-2459-field_2-container input { visibility: hidden; } #wpforms-conversational-form-page #wpforms-2459-field_2-container label { counter-increment: none; }' ) );\n\t\t\t\t\tdocument.head.appendChild( style );\n\t\t\t\t\tdocument.currentScript?.remove();\n\t\t\t\t} )();\n\t\t\t<\/script><\/div><!-- .wpforms-field-container --><div class=\"wpforms-submit-container\" ><input type=\"hidden\" name=\"wpforms[id]\" value=\"2459\"><input type=\"hidden\" name=\"page_title\" value=\"\"><input type=\"hidden\" name=\"page_url\" value=\"https:\/\/cfora.fr\/index.php?rest_route=\/wp\/v2\/pages\/2467\"><input type=\"hidden\" name=\"url_referer\" value=\"\"><button type=\"submit\" name=\"wpforms[submit]\" id=\"wpforms-submit-2459\" class=\"wpforms-submit\" data-alt-text=\"Envoyer\" data-submit-text=\"Envoyer\" aria-live=\"assertive\" value=\"wpforms-submit\">Envoyer<\/button><img loading=\"lazy\" decoding=\"async\" src=\"https:\/\/cfora.fr\/wp-content\/plugins\/wpforms\/assets\/images\/submit-spin.svg\" class=\"wpforms-submit-spinner\" style=\"display: none;\" width=\"26\" height=\"26\" alt=\"Chargement en cours\"><\/div><\/form><\/div>  <!-- .wpforms-container --><\/td><\/tr><\/tbody><\/table><\/figure>\n","protected":false},"excerpt":{"rendered":"<p>Avec Cfora.fr, d\u00e9couvrez une solution tout-en-un pens\u00e9e par des restaurateurs, pour les restaurateurs. \ud83d\udc49 Testez gratuitement toutes les fonctionnalit\u00e9s\ud83d\udc49 Gagnez du temps et am\u00e9liorez votre rentabilit\u00e9 \ud83c\udfaf Demandez votre d\u00e9monstration gratuite d\u00e8s maintenant !<\/p>\n","protected":false},"author":1,"featured_media":0,"parent":0,"menu_order":0,"comment_status":"closed","ping_status":"closed","template":"","meta":{"_seopress_robots_primary_cat":"","_seopress_titles_title":"","_seopress_titles_desc":"","_seopress_robots_index":"","footnotes":""},"class_list":["post-2467","page","type-page","status-publish","hentry"],"jetpack_sharing_enabled":true,"_links":{"self":[{"href":"https:\/\/cfora.fr\/index.php?rest_route=\/wp\/v2\/pages\/2467","targetHints":{"allow":["GET"]}}],"collection":[{"href":"https:\/\/cfora.fr\/index.php?rest_route=\/wp\/v2\/pages"}],"about":[{"href":"https:\/\/cfora.fr\/index.php?rest_route=\/wp\/v2\/types\/page"}],"author":[{"embeddable":true,"href":"https:\/\/cfora.fr\/index.php?rest_route=\/wp\/v2\/users\/1"}],"replies":[{"embeddable":true,"href":"https:\/\/cfora.fr\/index.php?rest_route=%2Fwp%2Fv2%2Fcomments&post=2467"}],"version-history":[{"count":12,"href":"https:\/\/cfora.fr\/index.php?rest_route=\/wp\/v2\/pages\/2467\/revisions"}],"predecessor-version":[{"id":2486,"href":"https:\/\/cfora.fr\/index.php?rest_route=\/wp\/v2\/pages\/2467\/revisions\/2486"}],"wp:attachment":[{"href":"https:\/\/cfora.fr\/index.php?rest_route=%2Fwp%2Fv2%2Fmedia&parent=2467"}],"curies":[{"name":"wp","href":"https:\/\/api.w.org\/{rel}","templated":true}]}}