{"id":2089,"date":"2026-02-08T08:49:56","date_gmt":"2026-02-08T08:49:56","guid":{"rendered":"https:\/\/cfora.fr\/?page_id=2089"},"modified":"2026-04-11T11:04:57","modified_gmt":"2026-04-11T11:04:57","slug":"tracabilite-haccp","status":"publish","type":"page","link":"https:\/\/cfora.fr\/?page_id=2089","title":{"rendered":"HACCP &#8211; TRA\u00c7ABILIT\u00c9"},"content":{"rendered":"\n<figure class=\"wp-block-image size-large\"><img loading=\"lazy\" decoding=\"async\" width=\"1024\" height=\"683\" src=\"https:\/\/cfora.fr\/wp-content\/uploads\/2026\/04\/HACCP-et-tracabilite-en-action-ft-1-1024x683.png\" alt=\"\" class=\"wp-image-2421\" srcset=\"https:\/\/cfora.fr\/wp-content\/uploads\/2026\/04\/HACCP-et-tracabilite-en-action-ft-1-1024x683.png 1024w, https:\/\/cfora.fr\/wp-content\/uploads\/2026\/04\/HACCP-et-tracabilite-en-action-ft-1-300x200.png 300w, https:\/\/cfora.fr\/wp-content\/uploads\/2026\/04\/HACCP-et-tracabilite-en-action-ft-1-768x512.png 768w, https:\/\/cfora.fr\/wp-content\/uploads\/2026\/04\/HACCP-et-tracabilite-en-action-ft-1-600x400.png 600w, https:\/\/cfora.fr\/wp-content\/uploads\/2026\/04\/HACCP-et-tracabilite-en-action-ft-1.png 1536w\" sizes=\"auto, (max-width: 1024px) 100vw, 1024px\" \/><\/figure>\n\n\n\n<ul class=\"wp-block-list\">\n<li>Relev\u00e9 de temp\u00e9rature automatis\u00e9 ou manuel<\/li>\n\n\n\n<li>Tra\u00e7abilit\u00e9 production automatis\u00e9<\/li>\n\n\n\n<li>Suivi de tra\u00e7abilit\u00e9 automatis\u00e9<\/li>\n\n\n\n<li>Plan de nettoyage du sol &amp; des surfaces pilot\u00e9<\/li>\n\n\n\n<li>Relev\u00e9 des huiles<\/li>\n\n\n\n<li>Fermeture de la cuisine pilot\u00e9e&#8230;<\/li>\n\n\n\n<li>Adaptable et personnalisable \u00e0 votre cuisine.<\/li>\n<\/ul>\n\n\n\n<div style=\"height:30px\" aria-hidden=\"true\" class=\"wp-block-spacer\"><\/div>\n\n\n\n<hr class=\"wp-block-separator has-alpha-channel-opacity\"\/>\n\n\n\n<div style=\"height:21px\" aria-hidden=\"true\" class=\"wp-block-spacer\"><\/div>\n\n\n\n<div class=\"wp-block-media-text has-media-on-the-right is-stacked-on-mobile\"><div class=\"wp-block-media-text__content\">\n<p><strong>Plan de nettoyage<\/strong><\/p>\n\n\n\n<p>Le Plan de&nbsp;<em>Nettoyage<\/em>&nbsp;et de D\u00e9sinfection permet d&#8217;organiser une proc\u00e9dure de&nbsp;<em>nettoyage<\/em>&nbsp;et de d\u00e9sinfection des surfaces en contact avec des denr\u00e9es alimentaires,&nbsp;&#8230;<\/p>\n<\/div><figure class=\"wp-block-media-text__media\"><img loading=\"lazy\" decoding=\"async\" width=\"1000\" height=\"1000\" src=\"https:\/\/cfora.fr\/wp-content\/uploads\/2026\/02\/tablette-nettoyage.png\" alt=\"\" class=\"wp-image-2265 size-full\" srcset=\"https:\/\/cfora.fr\/wp-content\/uploads\/2026\/02\/tablette-nettoyage.png 1000w, https:\/\/cfora.fr\/wp-content\/uploads\/2026\/02\/tablette-nettoyage-300x300.png 300w, https:\/\/cfora.fr\/wp-content\/uploads\/2026\/02\/tablette-nettoyage-150x150.png 150w, https:\/\/cfora.fr\/wp-content\/uploads\/2026\/02\/tablette-nettoyage-768x768.png 768w, https:\/\/cfora.fr\/wp-content\/uploads\/2026\/02\/tablette-nettoyage-600x600.png 600w, https:\/\/cfora.fr\/wp-content\/uploads\/2026\/02\/tablette-nettoyage-100x100.png 100w\" sizes=\"auto, (max-width: 1000px) 100vw, 1000px\" \/><\/figure><\/div>\n\n\n\n<hr class=\"wp-block-separator has-alpha-channel-opacity\"\/>\n\n\n\n<div style=\"height:34px\" aria-hidden=\"true\" class=\"wp-block-spacer\"><\/div>\n\n\n\n<div class=\"wp-block-media-text is-stacked-on-mobile\"><figure class=\"wp-block-media-text__media\"><img loading=\"lazy\" decoding=\"async\" width=\"1000\" height=\"1000\" src=\"https:\/\/cfora.fr\/wp-content\/uploads\/2026\/02\/tablette-tracabilite-1.png\" alt=\"\" class=\"wp-image-2259 size-full\" srcset=\"https:\/\/cfora.fr\/wp-content\/uploads\/2026\/02\/tablette-tracabilite-1.png 1000w, https:\/\/cfora.fr\/wp-content\/uploads\/2026\/02\/tablette-tracabilite-1-300x300.png 300w, https:\/\/cfora.fr\/wp-content\/uploads\/2026\/02\/tablette-tracabilite-1-150x150.png 150w, https:\/\/cfora.fr\/wp-content\/uploads\/2026\/02\/tablette-tracabilite-1-768x768.png 768w, https:\/\/cfora.fr\/wp-content\/uploads\/2026\/02\/tablette-tracabilite-1-600x600.png 600w, https:\/\/cfora.fr\/wp-content\/uploads\/2026\/02\/tablette-tracabilite-1-100x100.png 100w\" sizes=\"auto, (max-width: 1000px) 100vw, 1000px\" \/><\/figure><div class=\"wp-block-media-text__content\">\n<p><strong>Tra\u00e7abilit\u00e9 des recettes<\/strong><\/p>\n\n\n\n<p>Directement de la tablette ou de votre t\u00e9l\u00e9phone, vous r\u00e9aliser une photo des produits.<\/p>\n\n\n\n<p>Les recette seront automatiquement sauvegard\u00e9es avec la tra\u00e7abilit\u00e9.<\/p>\n<\/div><\/div>\n\n\n\n<div style=\"height:36px\" aria-hidden=\"true\" class=\"wp-block-spacer\"><\/div>\n\n\n\n<hr class=\"wp-block-separator has-alpha-channel-opacity\"\/>\n\n\n\n<div style=\"height:43px\" aria-hidden=\"true\" class=\"wp-block-spacer\"><\/div>\n\n\n\n<div class=\"wp-block-media-text has-media-on-the-right is-stacked-on-mobile\"><div class=\"wp-block-media-text__content\">\n<p><strong>Relev\u00e9 de temp\u00e9rature automatique<\/strong><\/p>\n\n\n\n<p>Thermom\u00e8tre Connect\u00e9, WiFi Hygrom\u00e8tre Haute Pr\u00e9cision avec Suivi Temp\u00e9rature et Humidit\u00e9, Alertes App, Exportation Donn\u00e9es, Port\u00e9e 500m.<\/p>\n\n\n\n<p>Il est possible d\u2019installer 50 thermom\u00e8tre par base.<\/p>\n\n\n\n<p>2,58\u20ac \/ mois<\/p>\n<\/div><figure class=\"wp-block-media-text__media\"><img loading=\"lazy\" decoding=\"async\" width=\"333\" height=\"333\" src=\"https:\/\/cfora.fr\/wp-content\/uploads\/2026\/02\/temperature-3.png\" alt=\"\" class=\"wp-image-2252 size-full\" srcset=\"https:\/\/cfora.fr\/wp-content\/uploads\/2026\/02\/temperature-3.png 333w, https:\/\/cfora.fr\/wp-content\/uploads\/2026\/02\/temperature-3-300x300.png 300w, https:\/\/cfora.fr\/wp-content\/uploads\/2026\/02\/temperature-3-150x150.png 150w, https:\/\/cfora.fr\/wp-content\/uploads\/2026\/02\/temperature-3-100x100.png 100w\" sizes=\"auto, (max-width: 333px) 100vw, 333px\" \/><\/figure><\/div>\n\n\n\n<div style=\"height:35px\" aria-hidden=\"true\" class=\"wp-block-spacer\"><\/div>\n\n\n\n<hr class=\"wp-block-separator has-alpha-channel-opacity\"\/>\n\n\n\n<div style=\"height:32px\" aria-hidden=\"true\" class=\"wp-block-spacer\"><\/div>\n\n\n\n<div class=\"wp-block-media-text is-stacked-on-mobile\"><figure class=\"wp-block-media-text__media\"><img loading=\"lazy\" decoding=\"async\" width=\"333\" height=\"333\" src=\"https:\/\/cfora.fr\/wp-content\/uploads\/2026\/02\/huile-2.png\" alt=\"\" class=\"wp-image-2254 size-full\" srcset=\"https:\/\/cfora.fr\/wp-content\/uploads\/2026\/02\/huile-2.png 333w, https:\/\/cfora.fr\/wp-content\/uploads\/2026\/02\/huile-2-300x300.png 300w, https:\/\/cfora.fr\/wp-content\/uploads\/2026\/02\/huile-2-150x150.png 150w, https:\/\/cfora.fr\/wp-content\/uploads\/2026\/02\/huile-2-100x100.png 100w\" sizes=\"auto, (max-width: 333px) 100vw, 333px\" \/><\/figure><div class=\"wp-block-media-text__content\">\n<p><strong>Testeur d\u2019huile de friture<\/strong><\/p>\n\n\n\n<p>D\u00e9termination de la qualit\u00e9 de l\u2019huile sur place, y compris sa documentation sans faille via l\u2019App testo Smart.<\/p>\n\n\n\n<p>Mesure directement dans l\u2019huile chaude.<\/p>\n\n\n\n<p>18,68&nbsp;\u20ac \/ mois<\/p>\n<\/div><\/div>\n\n\n\n<div style=\"height:43px\" aria-hidden=\"true\" class=\"wp-block-spacer\"><\/div>\n\n\n\n<hr class=\"wp-block-separator has-alpha-channel-opacity\"\/>\n\n\n\n<div style=\"height:39px\" aria-hidden=\"true\" class=\"wp-block-spacer\"><\/div>\n\n\n\n<div class=\"wp-block-media-text has-media-on-the-right is-stacked-on-mobile\"><div class=\"wp-block-media-text__content\">\n<ul class=\"wp-block-list\">\n<li><strong>Tra\u00e7abilit\u00e9 de votre production.<\/strong><\/li>\n<\/ul>\n\n\n\n<ul class=\"wp-block-list\">\n<li><strong>Suivi de nettoyage des surfaces<\/strong><\/li>\n<\/ul>\n\n\n\n<ul class=\"wp-block-list\">\n<li><strong>Relev\u00e9 automatique :<\/strong>\n<ul class=\"wp-block-list\">\n<li>De le temp\u00e9rature des frigos et des cong\u00e9lateurs<\/li>\n\n\n\n<li>De la qualit\u00e9 de l&#8217;huile de friture&#8230;<\/li>\n<\/ul>\n<\/li>\n<\/ul>\n\n\n\n<hr class=\"wp-block-separator has-alpha-channel-opacity\"\/>\n\n\n\n<p><strong>V\u00e9ritable carnet de bord de l\u2019activit\u00e9, l\u2019appli Cfora vous permettra de partager avec votre personnel les codes et les r\u00e8gles HACCP.<\/strong><\/p>\n\n\n\n<p><strong>Vous pourrez \u00e9galement, si vous le souhaitez, donner un acc\u00e8s \u00e0 votre service d\u2019hygi\u00e8ne local.<\/strong><\/p>\n<\/div><figure class=\"wp-block-media-text__media\"><video controls src=\"https:\/\/cfora.fr\/wp-content\/uploads\/2026\/02\/tracabilite.mov\"><\/video><\/figure><\/div>\n\n\n\n<div style=\"height:100px\" aria-hidden=\"true\" class=\"wp-block-spacer\"><\/div>\n\n\n\n<div data-align-buttons=\"false\" data-block-name=\"woocommerce\/all-products\" data-columns=\"3\" data-content-visibility=\"{&quot;orderBy&quot;:true}\" data-layout-config=\"[[&quot;woocommerce\\\/product-image&quot;,{&quot;imageSizing&quot;:&quot;thumbnail&quot;}],[&quot;woocommerce\\\/product-title&quot;],[&quot;woocommerce\\\/product-price&quot;],[&quot;woocommerce\\\/product-rating&quot;],[&quot;woocommerce\\\/product-button&quot;]]\" data-orderby=\"date\" data-rows=\"3\" class=\"wp-block-woocommerce-all-products wc-block-all-products\" data-attributes=\"{&quot;alignButtons&quot;:false,&quot;columns&quot;:3,&quot;contentVisibility&quot;:{&quot;orderBy&quot;:true},&quot;isPreview&quot;:false,&quot;layoutConfig&quot;:[[&quot;woocommerce\/product-image&quot;,{&quot;imageSizing&quot;:&quot;thumbnail&quot;}],[&quot;woocommerce\/product-title&quot;],[&quot;woocommerce\/product-price&quot;],[&quot;woocommerce\/product-rating&quot;],[&quot;woocommerce\/product-button&quot;]],&quot;orderby&quot;:&quot;date&quot;,&quot;rows&quot;:3}\"><\/div>\n","protected":false},"excerpt":{"rendered":"<p>Plan de nettoyage Le Plan de&nbsp;Nettoyage&nbsp;et de D\u00e9sinfection permet d&#8217;organiser une proc\u00e9dure de&nbsp;nettoyage&nbsp;et de d\u00e9sinfection des surfaces en contact avec des denr\u00e9es alimentaires,&nbsp;&#8230; Tra\u00e7abilit\u00e9 des recettes Directement de la tablette ou de votre t\u00e9l\u00e9phone, vous r\u00e9aliser une photo des produits. Les recette seront automatiquement sauvegard\u00e9es avec la tra\u00e7abilit\u00e9. Relev\u00e9 de temp\u00e9rature automatique Thermom\u00e8tre Connect\u00e9, WiFi [&hellip;]<\/p>\n","protected":false},"author":1,"featured_media":0,"parent":0,"menu_order":0,"comment_status":"closed","ping_status":"closed","template":"","meta":{"_seopress_robots_primary_cat":"","_seopress_titles_title":"","_seopress_titles_desc":"","_seopress_robots_index":"","footnotes":""},"class_list":["post-2089","page","type-page","status-publish","hentry"],"jetpack_sharing_enabled":true,"_links":{"self":[{"href":"https:\/\/cfora.fr\/index.php?rest_route=\/wp\/v2\/pages\/2089","targetHints":{"allow":["GET"]}}],"collection":[{"href":"https:\/\/cfora.fr\/index.php?rest_route=\/wp\/v2\/pages"}],"about":[{"href":"https:\/\/cfora.fr\/index.php?rest_route=\/wp\/v2\/types\/page"}],"author":[{"embeddable":true,"href":"https:\/\/cfora.fr\/index.php?rest_route=\/wp\/v2\/users\/1"}],"replies":[{"embeddable":true,"href":"https:\/\/cfora.fr\/index.php?rest_route=%2Fwp%2Fv2%2Fcomments&post=2089"}],"version-history":[{"count":16,"href":"https:\/\/cfora.fr\/index.php?rest_route=\/wp\/v2\/pages\/2089\/revisions"}],"predecessor-version":[{"id":2422,"href":"https:\/\/cfora.fr\/index.php?rest_route=\/wp\/v2\/pages\/2089\/revisions\/2422"}],"wp:attachment":[{"href":"https:\/\/cfora.fr\/index.php?rest_route=%2Fwp%2Fv2%2Fmedia&parent=2089"}],"curies":[{"name":"wp","href":"https:\/\/api.w.org\/{rel}","templated":true}]}}